{"id":23,"date":"2020-12-21T16:38:34","date_gmt":"2020-12-21T15:38:34","guid":{"rendered":"http:\/\/www.60grattacielopirelli.org\/?page_id=23"},"modified":"2021-01-18T16:18:47","modified_gmt":"2021-01-18T15:18:47","slug":"iii-tempo","status":"publish","type":"page","link":"https:\/\/www.60grattacielopirelli.org\/it\/iii-tempo\/","title":{"rendered":"CULTURA <br class=\"d-only\">E COSTUME <br class=\"d-only\">DI UNA METROPOLI <br class=\"d-only\">IN MOVIMENTO"},"content":{"rendered":"Milano nella seconda met\u00e0 degli anni cinquanta vive una stagione di grande fermento culturale: dopo la Seconda guerra mondiale, la citt\u00e0 \u00e8 pronta per attraversare la seconda met\u00e0 del Secolo breve. Prima del Pirellone, la torre Velasca dello studio Bbpr e la torre Galfa progettata da Melchiorre Bega iniziano a caratterizzare una Milano verticale, capace di sperimentare e guardare al futuro, verso una nuova modernit\u00e0. Servono spazi e quartieri per la nuova classe operaia che dal Sud si\r\n                        <span class=\"hidden\">\r\n                            sposta al Nord, in concomitanza con il rilancio dell\u2019industria nel dopoguerra. La nuova modernit\u00e0 si riflette anche nello sport, nella mobilit\u00e0, nella moda e nei consumi. Viene inaugurato il nuovo stadio San Siro, teatro dei derby pi\u00f9 avvincenti del panorama calcistico nazionale, e negli stessi anni al velodromo Vigorelli corrono i velocisti del Gran Premio ciclistico Pirelli. Nel 1957 inizia la costruzione della nuova metropolitana in via Buonarroti, con grafica e lettering coordinati dal designer olandese Bob Noorda. In viale Regina Giovanna i milanesi possono entrare nel primo supermercato italiano: nasce Esselunga, il cui logo \u00e8 disegnato da Max Huber. Anche l\u2019Italia inizia il suo viaggio nel boom economico, che si riflette nella letteratura, nell\u2019arte, nel cinema e nell\u2019editoria: tutto viene pubblicato a Milano e poi distribuito nella penisola. Nuove mostre ed eventi culturali fanno conoscere agli italiani le avanguardie artistiche internazionali: al Centro Culturale Pirelli, che ha sede nell\u2019auditorium del Grattacielo, vengono organizzati incontri con scrittori, spettacoli teatrali e concerti, con protagonisti come il Gianni Basso Quartet. Milano \u00e8 palcoscenico e protagonista di un nuovo cinema italiano che nella realt\u00e0 urbana racconta storie e conflitti che hanno come sfondo anche il Grattacielo Pirelli: Luchino Visconti gira Rocco e i suoi fratelli, Michelangelo Antonioni cattura la nuova periferia milanese nel film La notte, con Monica Vitti e Marcello Mastroianni, Carlo Lizzani dirige La vita agra, amara riflessione sul boom economico. Milano \u00e8 al centro dei Fabulous Sixties. Ma la strage di piazza Fontana, scioperi e contestazioni traghettano la citt\u00e0 e l\u2019Italia verso gli anni settanta, gli anni di piombo. In questo clima di cambiamento, nel 1970 nascono le Regioni. Nel 1978 il palazzo \u00e8 venduto alla Regione Lombardia, che vi si insedia ufficialmente il 2 giugno 1980. Il Pirellone anche oggi, con il suo auditorium, recentemente rinnovato e intitolato a Giorgio Gaber, \u00e8 sede di eventi istituzionali e culturali. In una citt\u00e0 che guarda al futuro.\r\n                        <\/span>","protected":false},"excerpt":{"rendered":"<p>Milano nella seconda met\u00e0 degli anni cinquanta vive una stagione di grande fermento culturale: dopo la Seconda guerra mondiale, la citt\u00e0 \u00e8 pronta per attraversare la seconda met\u00e0 del Secolo breve. Prima del Pirellone, la torre Velasca dello studio Bbpr e la torre Galfa progettata da Melchiorre Bega iniziano a caratterizzare una Milano verticale, capace [&hellip;]<\/p>\n","protected":false},"author":1,"featured_media":0,"parent":0,"menu_order":0,"comment_status":"closed","ping_status":"closed","template":"tpl-iii-tempo.php","meta":[],"_links":{"self":[{"href":"https:\/\/www.60grattacielopirelli.org\/it\/wp-json\/wp\/v2\/pages\/23"}],"collection":[{"href":"https:\/\/www.60grattacielopirelli.org\/it\/wp-json\/wp\/v2\/pages"}],"about":[{"href":"https:\/\/www.60grattacielopirelli.org\/it\/wp-json\/wp\/v2\/types\/page"}],"author":[{"embeddable":true,"href":"https:\/\/www.60grattacielopirelli.org\/it\/wp-json\/wp\/v2\/users\/1"}],"replies":[{"embeddable":true,"href":"https:\/\/www.60grattacielopirelli.org\/it\/wp-json\/wp\/v2\/comments?post=23"}],"version-history":[{"count":9,"href":"https:\/\/www.60grattacielopirelli.org\/it\/wp-json\/wp\/v2\/pages\/23\/revisions"}],"predecessor-version":[{"id":508,"href":"https:\/\/www.60grattacielopirelli.org\/it\/wp-json\/wp\/v2\/pages\/23\/revisions\/508"}],"wp:attachment":[{"href":"https:\/\/www.60grattacielopirelli.org\/it\/wp-json\/wp\/v2\/media?parent=23"}],"curies":[{"name":"wp","href":"https:\/\/api.w.org\/{rel}","templated":true}]}}