{"id":25,"date":"2020-12-21T16:38:45","date_gmt":"2020-12-21T15:38:45","guid":{"rendered":"http:\/\/www.60grattacielopirelli.org\/?page_id=25"},"modified":"2021-01-18T16:19:34","modified_gmt":"2021-01-18T15:19:34","slug":"iv-tempo","status":"publish","type":"page","link":"https:\/\/www.60grattacielopirelli.org\/it\/iv-tempo\/","title":{"rendered":"IL PIRELLONE <br class=\"d-only\">DIVENTA SEDE <br class=\"d-only\">DELLE ISTITUZIONI <br class=\"d-only\">REGIONALI"},"content":{"rendered":"Il Pirellone ha deciso\u2026 Questa locuzione ormai entrata nel linguaggio comune ben denota il radicamento dell\u2019edificio nell\u2019immaginario collettivo, ma ancora di pi\u00f9 la sua identificazione con Regione Lombardia. La permanenza quarantennale della Regione, della Giunta e del Consiglio nel Grattacielo ha infatti permesso di identificare la forma architettonica con l\u2019Istituzione.\r\n                        <span class=\"hidden\">\r\n                            Nel 1978 Regione Lombardia acquista il Grattacielo e procede alla ristrutturazione interna degli spazi di lavoro e di rappresentanza; il 2 giugno 1980 si tiene la prima seduta di Consiglio nella nuova sala consiliare (gi\u00e0 centro meccanografico Pirelli), caratterizzata dalla bella struttura a portali incrociati. Sotto il segno della Rosa Camuna, disegnato da Noorda, Sambonet, Tovaglia e Munari, Regione Lombardia ha preso possesso del Grattacielo. \u00c8 una sera di aprile del 2002 quando un piccolo velivolo da turismo centra il ventiseiesimo piano del palazzo portando distruzione e morte all\u2019interno degli uffici della Regione. La struttura resiste, ma i danni sono ingenti, e la tragedia crea l\u2019occasione per progettarne la rinascita. L\u2019incidente ha richiesto ampie operazioni di restauro, innanzitutto per riparare i tre piani della facciata interessati dall\u2019impatto, ma anche per risolvere problemi cronici che affliggevano l\u2019edificio: il distacco del rivestimento ceramico esterno (consolidamento di 12.000 mq di tesserine di 2 x 2 cm, gi\u00e0 da tempo trattenute da reti metalliche, e sostituzione di 250.000 pezzi); il layout degli uffici regionali; la riqualificazione dell\u2019auditorium al piano interrato; il recupero del belvedere all\u2019ultimo piano; l\u2019adeguamento alle norme di sicurezza e risparmio energetico (ad esempio, sono stati riqualificati oltre 10.000 mq di facciate continue in alluminio e vetro). Una commissione tecnico-scientifica ha individuato i pi\u00f9 aggiornati criteri d\u2019intervento, promuovendo le indagini necessarie per procedere all\u2019opera di restauro del moderno messo in atto dai professionisti di Renato Sarno Group e Corvino e Multari Associati fra il 2002 e il 2005. Il risultato \u00e8 un complesso architettonico restituito alle proprie funzioni originarie \u2013 luogo di lavoro dalle straordinarie qualit\u00e0 spaziali e ambientali \u2013 e in grado di guardare a un futuro sostenibile. Ma ci\u00f2 che appare ancora pi\u00f9 importante \u00e8 che questo intervento non ha dissimulato l\u2019et\u00e0 del Grattacielo, ha piuttosto esaltato la qualit\u00e0 dei suoi primi sessant\u2019anni. Luogo di attivit\u00e0 istituzionale, di incontri, di attivit\u00e0 culturali aperte al territorio, il Grattacielo \u00e8 anche strumento di comunicazione con il proprio fronte che, \u201cacceso\u201d opportunamente, \u00e8 in grado di lanciare messaggi, immagini e suggestioni.\r\n                        <\/span>","protected":false},"excerpt":{"rendered":"<p>Il Pirellone ha deciso\u2026 Questa locuzione ormai entrata nel linguaggio comune ben denota il radicamento dell\u2019edificio nell\u2019immaginario collettivo, ma ancora di pi\u00f9 la sua identificazione con Regione Lombardia. La permanenza quarantennale della Regione, della Giunta e del Consiglio nel Grattacielo ha infatti permesso di identificare la forma architettonica con l\u2019Istituzione. Nel 1978 Regione Lombardia acquista [&hellip;]<\/p>\n","protected":false},"author":1,"featured_media":0,"parent":0,"menu_order":0,"comment_status":"closed","ping_status":"closed","template":"tpl-iv-tempo.php","meta":[],"_links":{"self":[{"href":"https:\/\/www.60grattacielopirelli.org\/it\/wp-json\/wp\/v2\/pages\/25"}],"collection":[{"href":"https:\/\/www.60grattacielopirelli.org\/it\/wp-json\/wp\/v2\/pages"}],"about":[{"href":"https:\/\/www.60grattacielopirelli.org\/it\/wp-json\/wp\/v2\/types\/page"}],"author":[{"embeddable":true,"href":"https:\/\/www.60grattacielopirelli.org\/it\/wp-json\/wp\/v2\/users\/1"}],"replies":[{"embeddable":true,"href":"https:\/\/www.60grattacielopirelli.org\/it\/wp-json\/wp\/v2\/comments?post=25"}],"version-history":[{"count":9,"href":"https:\/\/www.60grattacielopirelli.org\/it\/wp-json\/wp\/v2\/pages\/25\/revisions"}],"predecessor-version":[{"id":511,"href":"https:\/\/www.60grattacielopirelli.org\/it\/wp-json\/wp\/v2\/pages\/25\/revisions\/511"}],"wp:attachment":[{"href":"https:\/\/www.60grattacielopirelli.org\/it\/wp-json\/wp\/v2\/media?parent=25"}],"curies":[{"name":"wp","href":"https:\/\/api.w.org\/{rel}","templated":true}]}}