{"id":27,"date":"2020-12-21T16:38:56","date_gmt":"2020-12-21T15:38:56","guid":{"rendered":"http:\/\/www.60grattacielopirelli.org\/?page_id=27"},"modified":"2021-03-19T12:22:48","modified_gmt":"2021-03-19T11:22:48","slug":"v-tempo","status":"publish","type":"page","link":"https:\/\/www.60grattacielopirelli.org\/it\/v-tempo\/","title":{"rendered":"LOMBARDIA <br class=\"d-only\">SMART LAND <br class=\"d-only\">PER UN FUTURO <br class=\"d-only\">SOSTENIBILE"},"content":{"rendered":"E domani? Come saranno la Milano e la Lombardia di domani? \u00abUna citt\u00e0, per competere, deve avere ali e radici\u00bb, sostiene Ulrich Beck, autorevole studioso delle trasformazioni metropolitane. Le radici, e cio\u00e8 la coscienza della propria storia. E le ali, per poter volare verso l\u2019orizzonte del futuro. Una sofisticata capacit\u00e0 di fare i conti con l\u2019avvenire della memoria.\r\n<span class=\"hidden\">\r\nQuesta metropoli, questa regione, hanno tutte le carte in regola per affrontare con fiducia, ancora una volta, una stagione segnata dalle fragilit\u00e0 e dalle incertezze della crisi e da una inedita serie di opportunit\u00e0 di cambiamento e di sviluppo. Il Grattacielo Pirelli \u00e8 stato simbolo di cultura d\u2019impresa innovativa, negli anni intensi del boom economico. E, poi, di una cultura istituzionale ambiziosa, nel tempo delle riforme legate alla nascita e all\u2019affermazione delle Regioni, con un\u2019idea politica ispirata da un governo efficace del territorio. Oggi, il Grattacielo resta tra i landmark di una condizione metropolitana che si impegna a fare i conti con le ipotesi di sviluppo sostenibile, ambientale e sociale. Nel ricostruirne la storia sono state ascoltate dieci voci, quelle di Piero Bassetti, Eva Cantarella, Alessandro Fermi, Attilio Fontana, Giuseppe Guzzetti, Uliano Lucas, Carlo Ratti, Gianfelice Rocca, Andr\u00e9e Ruth Shammah e Marco Tronchetti Provera, donne e uomini della politica, della cultura e dell\u2019economia. Tra ricordi e previsioni, dalle loro parole emerge la prospettiva di un territorio che ha attraversato momenti intensi di difficolt\u00e0 e, nonostante tutto, ha sempre saputo fare leva sulle proprie capacit\u00e0 di sognare, sperare, progettare, costruire. Lavorare. Il futuro, dunque, parla di smart land e di senseable city, di umanesimo tecnologico ed economia sostenibile, dal punto di vista ambientale e sociale. Di interconnessioni e migliore governance di una globalizzazione da fair trade, a misura delle persone e dei loro diritti. E di una nuova condizione metropolitana in cui Milano e la Lombardia, ben saldi nel cuore dell\u2019Europa e con lo sguardo rivolto verso il Mediterraneo, sanno fare sintesi originali tra industria dalle solide radici manifatturiere ed espansione sui mercati internazionali, tra valori dei luoghi e necessit\u00e0 dei flussi (di persone, capitali, idee), tra genius loci e intelligenza artificiale, tra servizi hi-tech e attenzione alla formazione qualificata per le nuove generazioni, tra competitivit\u00e0 e impegno sociale. Il segno forte, che tutte le conversazioni sul Grattacielo hanno messo in evidenza, \u00e8 quello di una cultura politecnica originale per la capacit\u00e0 di unire saperi umanistici e conoscenze scientifiche, ricerca d\u2019avanguardia e solidariet\u00e0 popolare. L\u2019economia della conoscenza e l\u2019attenzione per la qualit\u00e0 della vita, per un benessere sociale diffuso, sono valori solidi, che questo territorio sa esprimere, nelle Istituzioni e nelle imprese, nelle organizzazioni sociali e culturali. Con un\u2019attitudine particolare per le metamorfosi. Di cui, anche nei momenti pi\u00f9 controversi, si sa scandire bene il tempo.\r\n<\/span>","protected":false},"excerpt":{"rendered":"<p>E domani? Come saranno la Milano e la Lombardia di domani? \u00abUna citt\u00e0, per competere, deve avere ali e radici\u00bb, sostiene Ulrich Beck, autorevole studioso delle trasformazioni metropolitane. Le radici, e cio\u00e8 la coscienza della propria storia. E le ali, per poter volare verso l\u2019orizzonte del futuro. Una sofisticata capacit\u00e0 di fare i conti con [&hellip;]<\/p>\n","protected":false},"author":1,"featured_media":0,"parent":0,"menu_order":0,"comment_status":"closed","ping_status":"closed","template":"tpl-v-tempo.php","meta":{"footnotes":""},"class_list":["post-27","page","type-page","status-publish","hentry"],"_links":{"self":[{"href":"https:\/\/www.60grattacielopirelli.org\/it\/wp-json\/wp\/v2\/pages\/27","targetHints":{"allow":["GET"]}}],"collection":[{"href":"https:\/\/www.60grattacielopirelli.org\/it\/wp-json\/wp\/v2\/pages"}],"about":[{"href":"https:\/\/www.60grattacielopirelli.org\/it\/wp-json\/wp\/v2\/types\/page"}],"author":[{"embeddable":true,"href":"https:\/\/www.60grattacielopirelli.org\/it\/wp-json\/wp\/v2\/users\/1"}],"replies":[{"embeddable":true,"href":"https:\/\/www.60grattacielopirelli.org\/it\/wp-json\/wp\/v2\/comments?post=27"}],"version-history":[{"count":15,"href":"https:\/\/www.60grattacielopirelli.org\/it\/wp-json\/wp\/v2\/pages\/27\/revisions"}],"predecessor-version":[{"id":556,"href":"https:\/\/www.60grattacielopirelli.org\/it\/wp-json\/wp\/v2\/pages\/27\/revisions\/556"}],"wp:attachment":[{"href":"https:\/\/www.60grattacielopirelli.org\/it\/wp-json\/wp\/v2\/media?parent=27"}],"curies":[{"name":"wp","href":"https:\/\/api.w.org\/{rel}","templated":true}]}}